{"id":916,"date":"2016-10-10T16:14:16","date_gmt":"2016-10-10T16:14:16","guid":{"rendered":"http:\/\/zff.hr\/?page_id=916&#038;lang=en"},"modified":"2023-11-17T07:33:34","modified_gmt":"2023-11-17T06:33:34","slug":"who-is-who","status":"publish","type":"page","link":"https:\/\/2023.zff.hr\/en\/who-is-who\/","title":{"rendered":"Who is Who"},"content":{"rendered":"","protected":false},"excerpt":{"rendered":"","protected":false},"author":1,"featured_media":888,"parent":0,"menu_order":0,"comment_status":"closed","ping_status":"closed","template":"","meta":[],"acf":[],"aioseo_notices":[],"acf_fields":{"page_builder":false,"content":"<p><strong>FESTIVAL MANAGEMENT<\/strong><\/p>\n<p><strong><a href=\"mailto:btm@propelerfilm.com\" target=\"_blank\" rel=\"noopener\">Boris T. Mati\u0107<\/a><\/strong> \u2013 Director<br \/>\n<strong><a href=\"mailto:lana@zagrebfilmfestival.com\" target=\"_blank\" rel=\"noopener\">Lana Mati\u0107<\/a><\/strong> \u2013 Producer<br \/>\n<strong><a href=\"mailto:selma@zagrebfilmfestival.com\" target=\"_blank\" rel=\"noopener\">Selma Mehad\u017ei\u0107<\/a><\/strong> \u2013 Producer<\/p>\n<p><strong>PRODUCTION AND FESTIVAL OFFICE<\/strong><\/p>\n<p><strong>Barbara Gregov<\/strong> \u2013 Festival Coordinator<br \/>\n<strong>Olja Mataija<\/strong> \u2013 Film Program Coordinator<br \/>\n<strong>Vanja Sedlani\u0107<\/strong> \u2013 Film Program Assistant<br \/>\n<strong>Katarina Crn\u010di\u0107<\/strong> \u2013 Production Assistant and Children &amp; Youth Program Coordinator<br \/>\n<strong>Dina Ugle\u0161i\u0107<\/strong> \u2013 Production and Sustainable Environmental Practices\u00a0Coordinator<br \/>\n<strong>Lara Bakovi\u0107<\/strong> \u2013 Office Manager<\/p>\n<p><strong>INDUSTRY<\/strong><\/p>\n<p><strong>Inja Kora\u0107<\/strong> \u2013 Industry\u00a0Program Coordinator<br \/>\n<strong>Valentina Lisak, Margarita Peri\u0107, Elmedina Tiri\u0107<\/strong> \u2013 Industry\u00a0Program Assistans<br \/>\n<strong>Luka Erdeljac<\/strong> \u2013 Industry\u00a0Program Technical Support<strong><br \/>\nDaria Bla\u017eevi\u0107, Iva Ivan, Jelena Pa\u0161i\u0107 <\/strong>\u2013 Masterclass Moderators<\/p>\n<div>\n<p><strong>ARTISTIC ADVISORS<\/strong><\/p>\n<\/div>\n<p><strong>Vladimir Gojun<\/strong> \u2013 Checkers\u00a0Program Selector<br \/>\n<strong>Antonio Nui\u0107, Ante Magzan, \u010cedomir Kolar<\/strong> \u2013 Artistic Advisor<\/p>\n<div>\n<p><strong>MARKETING AND\u00a0PROMOTION<\/strong><\/p>\n<\/div>\n<p><strong>Mia Milov\u010di\u0107<\/strong> \u2013 Marketing Manager<br \/>\n<strong>Alen Nu\u017eda, Maria Mesari\u0107, Karla Dra\u0161kovi\u0107<\/strong>\u00a0\u2013 Marketing and Promotion Assistants<br \/>\n<strong>Lara Dizdar, Ana Paula Novak <\/strong>\u2013 Promotion Associates<\/p>\n<div><strong>PUBLIC RELATIONS\u00a0AND PUBLISHING<\/strong><\/div>\n<p><strong>Petra Hofbauer<\/strong> \u2013 Public Relations\u00a0Office Manager<br \/>\n<strong>Jelena Svir\u010di\u0107<\/strong> \u2013 Press Office Manager<br \/>\n<strong>Lucija Tunkovi\u0107<\/strong> \u2013 Social Networks Coordinator<br \/>\n<strong>Hana Mati\u0107<\/strong> \u2013 Social Networks Assistant<br \/>\n<strong>Valentina Lisak<\/strong> \u2013 Publications Editor<br \/>\n<strong>Jelena Pa\u0161i\u0107<\/strong> \u2013 Website Editor<br \/>\n<strong>Lucija Dra\u010da<\/strong> \u2013 Online Platforms Coordinator<br \/>\n<strong>Dalibor Juri\u0161i\u0107, Ina Stupalo<\/strong> \u2013 Proofreaders<br \/>\n<strong>Nino Kova\u010di\u0107<\/strong> \u2013 54+ Workshop Mentor and Q&amp;A Moderator<br \/>\n<strong>Ivan \u0110uri\u010di\u0107<\/strong> \u2013 Q&amp;A Moderator<\/p>\n<div>\n<p><strong>HOSPITALITY OFFICE<\/strong><\/p>\n<\/div>\n<p><strong>Karla Dorki\u0107<\/strong> \u2013 Hospitality\u00a0Office Manager<br \/>\n<strong>Anida Deved\u017ei\u0107, Lucija Bra\u0161ni\u0107, Lucija Katarina \u0160e\u0161elj<\/strong>\u00a0\u2013 Hospitality\u00a0Office Assistant<br \/>\n<strong>Gradimir Mordej, Antonio \u0110uri\u0107<\/strong> \u2013 Drivers<\/p>\n<p class=\"m_-6591089599211703195p1\"><strong>YOUTH PROGRAMS<\/strong><u><\/u><u><\/u><\/p>\n<p><strong>Margareta \u0110ordi\u0107, Tina Ti\u0161ljar,<span class=\"m_-6591089599211703195apple-converted-space\">\u00a0<\/span>Sara Stani\u0107<\/strong> \u2013\u00a0Education Associates<br \/>\n<strong>Jan Ba\u0161, Ursula Pavi\u0107<\/strong> \u2013\u00a0<u><\/u><u><\/u>Announcers<\/p>\n<div>\n<p><strong>PRODUCTON SUPPORT<\/strong><span class=\"apple-converted-space\"><b>\u00a0<\/b><\/span><\/p>\n<\/div>\n<p><b>Iva Jurlina <\/b>\u2013 Head of Film Protocol<br \/>\n<strong>Dora Perhari\u0107<\/strong> \u2013 Event Manager<br \/>\n<strong>\u017deljko Mar\u010dan<\/strong> \u2013 Volunteer\u00a0and Accreditation\u00a0Office Coordinator<br \/>\n<strong>Kruno \u0160imundi\u0107, Tomislav Crnkovi\u0107, Mario Dobri\u0107, Sr\u0111an Daskalovi\u0107<\/strong> \u2013 Festival Logistics<br \/>\n<strong>DJ Felver, DJ Stanko Bond\u017ea, DJ Toch<\/strong> \u2013 Music Program<\/p>\n<div>\n<p><strong>BOX OFFICE AND SALES<\/strong><\/p>\n<\/div>\n<p><strong>Koviljka Lazar<\/strong> \u2013 Box Office Manager<br \/>\n<strong>Zrinka Ba\u010di\u0107<\/strong> \u2013 Box Office Assistant<br \/>\n<strong>Marija Krstanovi\u0107, Daniel Mrazovi\u0107, Fran Ba\u010di\u0107, Maja Vukovi\u0107, Eva \u0160vigir Stevanovi\u0107<\/strong> \u2013 Box Office Staff<br \/>\n<strong>Brojke<\/strong> \u2013 Accounting<\/p>\n<div>\n<p><strong>LOCATION MANAGEMENT<\/strong><\/p>\n<\/div>\n<p><strong>Tena Kova\u010di\u0107<\/strong> \u2013 SC Cinema and MSU Manager<br \/>\n<strong>Bojan Ti\u0161ljar<\/strong> \u2013 MSU Manager<br \/>\n<strong>Karlo \u0160poljar<\/strong> \u2013 CineStar Branimir Manager<br \/>\n<strong>Ivan Turkalj<\/strong> \u2013 Kinoteka Cinema Manager<\/p>\n<div>\n<p><strong>TRANSLATIONS<\/strong><\/p>\n<\/div>\n<p><strong>Ministarstvo titlova<\/strong> \u2013 Film Translations\u00a0and Subtitling<br \/>\n<strong>Dobbin<\/strong> \u2013 Translation Support &amp;\u00a0Postproduction<br \/>\n<strong>Tvrtko Lovrekovi\u0107, Nina Pisk, Andrea Ro\u017ei\u0107<\/strong> \u2013 Text Translators<br \/>\n<strong>Mario Dobri\u0107<\/strong> \u2013 Interpreter<\/p>\n<div>\n<p><strong>PHOTO AND VIDEO\u00a0DOCUMENTATION<\/strong><\/p>\n<\/div>\n<p><strong>Andrija Gvozdi\u0107 Michl, Igor \u0160ubat<\/strong> \u2013 Video Editing Managers<br \/>\n<strong>Samir Ceri\u0107 Kova\u010devi\u0107, Matej Grgi\u0107, Sanja Bistri\u010di\u0107 Sri\u0107a, Zoe \u0160arlija<\/strong> \u2013 Photographers<br \/>\n<strong>Izvan fokusa<\/strong> \u2013 Video Material and\u00a0Archive Production<br \/>\n<strong>Nika Petkovi\u0107, Alicia Gita Marie Sardeli\u0107<\/strong> \u2013 Live Content for Social Networks<\/p>\n<div>\n<p><strong>TECHNICAL SERVICES<\/strong><span class=\"apple-converted-space\"><b>\u00a0<\/b><\/span><\/p>\n<\/div>\n<p><strong>Mario Vu\u010demilovi\u0107 Juri\u0107<\/strong> \u2013 Technical Manager<br \/>\n<strong>Aron Ad\u017eijevi\u0107, Igor \u0160ubat, Vatroslav \u017divkovi\u0107, Miroslav Kranj\u010dec<\/strong> \u2013 Projectionists<br \/>\n<strong>Ivan Mikulandri\u0107<\/strong>\u00a0\u2013 Head of Protocol<br \/>\n<strong>Rezolucija<\/strong> \u2013 DCP and Video Screenings<br \/>\n<strong>Andrija Santro, Karlo \u0160poljar<\/strong> \u2013 Lighting<\/p>\n<div>\n<p><strong>VISUAL IDENTITY<\/strong><\/p>\n<\/div>\n<p><strong>\u0160esni\u0107&amp;Turkovi\u0107<\/strong> \u2013 Visual\u00a0Identity<br \/>\n<strong>Kristina Slunjski Rajak<\/strong> \u2013 Visual\u00a0Communications Design<br \/>\n<strong>Fraqtal<\/strong> \u2013 Web Programming zff.hr and croatian.film<br \/>\n<strong>Kiosk Studio<\/strong> \u2013 Web Programming\u00a0Europa Cinema Online<br \/>\n<strong>Digital Talents<\/strong> \u2013 Mobile App Programming<br \/>\n<strong>Sa\u0161a Budimir<\/strong> \u2013 Festival Telop<br \/>\n<strong>Nedjeljko Mikac<\/strong> \u2013 Author of Festival Award Statuettes<\/p>\n"},"_links":{"self":[{"href":"https:\/\/2023.zff.hr\/en\/wp-json\/wp\/v2\/pages\/916"}],"collection":[{"href":"https:\/\/2023.zff.hr\/en\/wp-json\/wp\/v2\/pages"}],"about":[{"href":"https:\/\/2023.zff.hr\/en\/wp-json\/wp\/v2\/types\/page"}],"author":[{"embeddable":true,"href":"https:\/\/2023.zff.hr\/en\/wp-json\/wp\/v2\/users\/1"}],"replies":[{"embeddable":true,"href":"https:\/\/2023.zff.hr\/en\/wp-json\/wp\/v2\/comments?post=916"}],"version-history":[{"count":1,"href":"https:\/\/2023.zff.hr\/en\/wp-json\/wp\/v2\/pages\/916\/revisions"}],"predecessor-version":[{"id":38659,"href":"https:\/\/2023.zff.hr\/en\/wp-json\/wp\/v2\/pages\/916\/revisions\/38659"}],"wp:featuredmedia":[{"embeddable":true,"href":"https:\/\/2023.zff.hr\/en\/wp-json\/wp\/v2\/media\/888"}],"wp:attachment":[{"href":"https:\/\/2023.zff.hr\/en\/wp-json\/wp\/v2\/media?parent=916"}],"curies":[{"name":"wp","href":"https:\/\/api.w.org\/{rel}","templated":true}]}}