{"id":6090,"date":"2019-10-28T13:33:03","date_gmt":"2019-10-28T12:33:03","guid":{"rendered":"http:\/\/zff.hr\/en\/?page_id=6090"},"modified":"2023-11-07T10:55:42","modified_gmt":"2023-11-07T09:55:42","slug":"industry-youth","status":"publish","type":"page","link":"https:\/\/2023.zff.hr\/en\/industry\/industry-youth\/","title":{"rendered":"Industry Youth!"},"content":{"rendered":"","protected":false},"excerpt":{"rendered":"","protected":false},"author":1,"featured_media":12849,"parent":756,"menu_order":0,"comment_status":"closed","ping_status":"closed","template":"","meta":[],"acf":[],"aioseo_notices":[],"acf_fields":{"page_builder":true,"content":"<p>Mladi profesionalci dugo su bili u fokusu programa Industrija koji se po njima i nazivao Industrija Mladost!. Danas su edukativni programi usmjereni na zrelije filmske profesionalce objedinjeni u nazivu Industrija; no pokrenuli smo zaseban program stipendiranja studenata koji se zove Industrija Mladost!. U suradnji s filmskim akademijama iz regije, program nudi petodnevne stipendije za pra\u0107enje festivala za dva studenta svake od akademija s kojima sura\u0111ujemo.<\/p>\n<p>U suradnji programa Industrija Zagreb Film Festivala i \u0161est filmskih akademija iz na\u0161e regije \u2013 Akademija dramske umjetnosti u Zagrebu, Akademija scenskih umjetnosti Sarajevo, Fakultet dramskih umetnosti Beograd, Akademija za gledali\u0161\u010de, radio, film in televizijo Ljubljana, Fakultet dramskih umjetnosti Cetinje i Fakultet dramskih umjetnosti Skopje \u2013 odabrano je 12 studenata te njihovih 6 projekata koji \u0107e uz edukativni program Industrija, otvoren za javnost, poha\u0111ati i pripremne radionice na kojima \u0107e razvijati svoje kratke igrane filmove. Prva radionica bavit \u0107e se financijskim, odnosno koprodukcijskim mogu\u0107nostima projekata u suradnji s francuskim producentom St\u00e9phaneom Gu\u00e9ninom iz francuske \u0161kole ENS Louis-Lumi\u00e8re, a druga prezentacijom projekta (<em>pitcha<\/em>) s Jamesom Watkinsom koji je pisao i pakirao projekte za Warner Bros, Working Title, Path\u00e9, Film Four i BBC Films.<\/p>\n<p><strong>Polaznici i projekti:<\/strong><\/p>\n<p>Akademija dramske umjetnosti u Zagrebu: Nikica Zduni\u0107, Tajana Bakota (<em>Planet<\/em>)<br \/>\nAkademija scenskih umjetnosti Sarajevo: Sara Risti\u0107 (bez projekta), Ajla Medanhod\u017ei\u0107 (<em>Zagrobni \u017eivot<\/em>)<br \/>\nAkademija za gledali\u0161\u010de, radio, film in televizijo Ljubljana: Matic \u0160tamcar, \u0160pela Bajc (<em>Trenutak<\/em>)<br \/>\nFakultet dramskih umetnosti Beograd: Lana Pavkov, Milo\u0161 Vu\u010dkovi\u0107 (<em>\u0160afarikova 19<\/em>)<br \/>\nFakultet dramskih umjetnosti Cetinje: Zvonimir Gruji\u0107 (<em>Zalazak<\/em>), Jelena \u0160o\u0161ki\u0107 (bez projekta)<br \/>\nFakultet dramskih umjetnosti Skopje: Ibrahim Batuhan, Dragan Spasov (<em>Suo\u010davanje<\/em>)<\/p>\n<p>&nbsp;<\/p>\n<p><img decoding=\"async\" loading=\"lazy\" class=\"alignnone wp-image-4019\" src=\"http:\/\/zff.hr\/wp-content\/uploads\/2016\/11\/LOGO-FDU.jpg\" alt=\"logo-fdu\" width=\"212\" height=\"216\" \/>\u00a0 \u00a0 \u00a0\u00a0<img decoding=\"async\" loading=\"lazy\" class=\"alignnone wp-image-4023\" src=\"http:\/\/zff.hr\/wp-content\/uploads\/2016\/11\/AGRFT-logotip-1024x454.jpg\" alt=\"agrft-logotip\" width=\"327\" height=\"145\" \/><img decoding=\"async\" loading=\"lazy\" class=\"alignnone  wp-image-11968\" src=\"http:\/\/zff.hr\/wp-content\/uploads\/2017\/10\/beograd-297x300.jpg\" alt=\"\" width=\"214\" height=\"216\" srcset=\"https:\/\/2023.zff.hr\/wp-content\/uploads\/2017\/10\/beograd.jpg 297w, https:\/\/2023.zff.hr\/wp-content\/uploads\/2017\/10\/beograd-150x150.jpg 150w, https:\/\/2023.zff.hr\/wp-content\/uploads\/2017\/10\/beograd-158x160.jpg 158w\" sizes=\"(max-width: 214px) 100vw, 214px\" \/><\/p>\n<p>&nbsp;<\/p>\n","blocks":[{"acf_fc_layout":"header","id":"","image":12953,"video":false,"loop_video":false,"breadcrumbs":true,"lead":"<h1><strong>Industry Youth!<\/strong><\/h1>\n","speed":"1"},{"acf_fc_layout":"section","id":"","title":"","subtitle":"","lead":"<p style=\"text-align: center;\"><strong>WORKSHOP<br \/>\nclosed to the public<\/strong><\/p>\n<p style=\"text-align: center;\"><a href=\"https:\/\/zff.hr\/en\/industry\/industry-youth-pitching-forum\/\" target=\"_blank\" rel=\"noopener\"><strong>PITCHING FORUM<\/strong><\/a><br \/>\n<strong>10\/11 \u23a2 FRIDAY \u23a2 10:30\u00a0\u2013 12:30\u00a0\u23a2 Dokukino KIC<br \/>\nopen to the public<\/strong><\/p>\n<p>The rich ZFF Industry programs usually focus on training for more mature film professionals. However, we also launched a separate student grants program called Industry Youth!. In collaboration with film academies from the region, the program offers festival attendance grants to two students from each of the academies. In a collaboration between the Zagreb Film Festival Industry program and six film academies from the region \u2013 from Belgrade, Ljubljana, Nova Gorica, Sarajevo, Skopje, and Zagreb \u2013 12 students and their 6 projects have been selected to participate in developing their short fiction films in intensive preparatory workshops.<\/p>\n","custom_css_toggle":false,"custom_css":"","content":[{"acf_fc_layout":"grid","columns":[{"number":"Participants","title":"","description":"<p><strong>Academy of Dramatic Art in Zagreb (ADU)<br \/>\n<\/strong>Sara Alavani\u0107, Lucija Peri\u0107<\/p>\n<p><strong>Academy of Theatre, Radio, Film and Television in Ljubljana (AGRFT)<br \/>\n<\/strong>Jaka Florjan\u010di\u0107, Nina Bevk<\/p>\n<p><strong>Academy of Performing Arts in Sarajevo (ASU)<br \/>\n<\/strong>Ismira Ma\u0161i\u0107, Adna Rizvan<\/p>\n<p><strong>Faculty of Dramatic Arts in Belgrade (FDU Beograd)<br \/>\n<\/strong>Milutin Milo\u0161evi\u0107, Jelena \u010ceivanovi\u0107<\/p>\n<p><strong>Faculty of Dramatic Arts in Skopje (FDU Skopje)<br \/>\n<\/strong>Tadea Pavlovska, Roze Simonovska<\/p>\n<p><strong>University of Nova Gorica School of Arts (UNG AU)<\/strong><br \/>\nAleksandra Trajkovi\u0107, Milan Baj\u010deti\u0107<\/p>\n"}]},{"acf_fc_layout":"grid","columns":[{"number":"Academy of Dramatic Art in Zagreb (ADU)","title":"Sara Alavani\u0107, Lucija Peri\u0107","description":"<p><b>Sara Alavani\u0107 (director)<br \/>\n<\/b><span style=\"font-weight: 400;\">Sara Alavani\u0107 was born in 1998 in Zagreb. She graduated in graphic design from the\u00a0 Faculty of Graphic Arts. Currently, she is studying film direction at the Academy of Dramatic Arts. She has directed several short films as part of her studies and within the association Blank. Her short documentary <\/span><i><span style=\"font-weight: 400;\">Do You Feel Nervous When I Approach You<\/span><\/i><span style=\"font-weight: 400;\"> (2018) premiered at ZagrebDox.<\/span><\/p>\n<p><b>Lucija Peri\u0107 (producer)<br \/>\n<\/b><span style=\"font-weight: 400;\">Lucija Peri\u0107 (1999) holds a BA in journalism from the Faculty of Political Science in Zagreb. She is currently studying production at the Academy of Dramatic Arts, where she has produced several short films. She regularly works on various TV projects and produces fiction and documentary films and comercials.<\/span><\/p>\n<p><b><em>Boiling Frog<\/em><br \/>\n<\/b><span style=\"font-weight: 400;\">Kiki recounts his unexpected summer trip to his elementary school friend Nina, in the only house in a small town in Dalmatian Hinterland. There, he encountered Natan, his former best friend. They spent their monotonous days together. Natan despised him and tried to seduce Nina, who continuously switched between wanting to have adventures and not leaving the house for days. Kiki didn&#8217;t care and didn&#8217;t really understand them. One morning, the idyll came to an abrupt end.<\/span><\/p>\n"},{"number":"Academy of Theatre, Radio, Film and Television in Ljubljana (AGRFT)","title":"Jaka Florjan\u010di\u0107, Nina Bevk","description":"<p><b>Jaka Florjan\u010di\u0107 \u00a0(director)<br \/>\n<\/b><span style=\"font-weight: 400;\">Jaka Florjan\u010di\u0107 (2001) is a Slovenian film director. He has directed <\/span><i><span style=\"font-weight: 400;\">Happily Ever After<\/span><\/i><span style=\"font-weight: 400;\"> (2022) and is currently completing his second film, <\/span><i><span style=\"font-weight: 400;\">Nightmare in the Attic<\/span><\/i><span style=\"font-weight: 400;\">, a horror movie about sexual trauma. He is enrolled at AGRFT, where he is working on a master&#8217;s degree in film directing.<\/span><\/p>\n<p><b>Nina Bevk (producer)<br \/>\n<\/b><span style=\"font-weight: 400;\">Nina Bevk holds a BA in philosophy. She is a student of film production. Professionally she often works as an assistant director in films, television and commercials. She is interested in the organisational part of filmmaking.<\/span><span style=\"font-weight: 400;\">\u00a0<\/span><\/p>\n<p><b><em>Strangers<\/em><br \/>\n<\/b><span style=\"font-weight: 400;\">Matic&#8217;s estranged brother Jan has a problem with substance abuse. In the middle of the night, when Matic is out, he receives a worrying call from his mother. He hurries home, where an officer informs the family that Jan and his best friend Timotej were found unconscious in the middle of the street and that Jan passed on. After the funeral, Timotej&#8217;s sister accidentally tells Matic that their brothers were together.<\/span><\/p>\n"},{"number":"Academy of Performing Arts in Sarajevo (ASU)","title":"Ismira Ma\u0161i\u0107, Adna Rizvan","description":"<p><b>Ismira Ma\u0161i\u0107 (director)<br \/>\n<\/b><span style=\"font-weight: 400;\">Ismira Ma\u0161i\u0107 was born in Olovo. She is a dramaturgy student at the Academy of Performing Arts in Sarajevo. Her first short feature film, <\/span><i><span style=\"font-weight: 400;\">Dead Knot<\/span><\/i><span style=\"font-weight: 400;\">, won the award for the best BiH student film at the Sarajevo Film Festival in 2023. She worked on the film together with the producer Adna Rizvan. Ismira is currently working on developing the script for her graduate TV series <\/span><i><span style=\"font-weight: 400;\">Second Chance<\/span><\/i><span style=\"font-weight: 400;\">.<\/span><span style=\"font-weight: 400;\">\u00a0<\/span><\/p>\n<p><b>Adna Rizvan (producer)<br \/>\n<\/b><span style=\"font-weight: 400;\">Second year student at the Department of Production and Management at the Academy of Performing Arts in Sarajevo. She is a production deparment intern at Altteatar in Sarajevo, and the director of the student theatre festival, Postfest Sarajevo.<\/span><\/p>\n<p><b><em>We Don\u2019t Have a Picture of the Lake Because We Have Never Been at the Lake<\/em><br \/>\n<\/b><span style=\"font-weight: 400;\">Mila recalls her childhood memories through one question: &#8220;when will my dad come&#8221;. Now the twenty-three-year-old, absentmindedly watching the sunset, moves pebbles with her toe to make an untouchable fortress, which brings her back to the moment when her partner&#8217;s condom broke.<\/span><\/p>\n"},{"number":"Faculty of Dramatic Arts in Belgrade (FDU Beograd)","title":"Milutin Milo\u0161evi\u0107, Jelena \u010ceivanovi\u0107","description":"<p><b>Milutin Milo\u0161evi\u0107 (director)<br \/>\n<\/b><span style=\"font-weight: 400;\">Milutin Milo\u0161evi\u0107 was born in Novi Sad in 2001. He is a student at the Faculty of Dramatic Arts in Belgrade, class of prof. Srdan Golubovi\u0107. His films screened at several international festivals, and he won the BashtaPitch award in 2023.<\/span><\/p>\n<p><b>Jelena \u010ceivanovi\u0107 (producer)<br \/>\n<\/b><span style=\"font-weight: 400;\">Jelena \u010ceivanovi\u0107 was born in 1999 in \u0160apac. She graduated from the Faculty of Dramatic Arts in Belgrade. During her studies, she collaborated regularly with film director Milutin Milo\u0161evi\u0107 and theatre director Luka Mijatovi\u0107. She was part of the BITEF Festival team from 2020 to 2022. She is currently in post-production with her project <\/span><i><span style=\"font-weight: 400;\">Death, Sea, Color Blue<\/span><\/i><span style=\"font-weight: 400;\">.<\/span><\/p>\n<p><b><em>Death, Sea, Color Blue<\/em><br \/>\n<\/b><span style=\"font-weight: 400;\">A confused teenager is torn between a quiet fear of his father&#8217;s death and his first inocent love at a dilapidated camp, where weird blue people roam.<\/span><\/p>\n"},{"number":"Faculty of Dramatic Arts in Skopje (FDU Skopje)","title":"Tadea Pavlovska, Roze Simonovska","description":"<p><b>Tadea Pavlovska (producer)<br \/>\n<\/b><span style=\"font-weight: 400;\">Tadea Pavlovska was born in 2002 in Skopje, Republic of Macedonia. She enrolled at the Faculty of Dramatic Arts in Skopje in 2021, department of film an theatre production.<\/span><\/p>\n<p><b>Roze Simonovska (director)<br \/>\n<\/b><span style=\"font-weight: 400;\">Roze Simonovska was born in 1999 in Skopje, Republic of Macedonia. She enrolled at the Faculty of Dramatic Arts in Skopje in 2020, department of film and TV directing.<\/span><span style=\"font-weight: 400;\">\u00a0<\/span><\/p>\n<p><b><em>Dose<\/em><br \/>\n<\/b><span style=\"font-weight: 400;\">Sanja, an Italian translator, lives with her husband, daughter and mother. After a night out with her friend Cornelia, she experiences delirium and blackouts. The next morning, she can&#8217;t recognize herself nor remember how she got home.<\/span><\/p>\n"},{"number":"University of Nova Gorica School of Arts (UNG AU)","title":"Aleksandra Sto\u0161i\u0107, Milan Baj\u010deti\u0107","description":"<p><b>Aleksandra Sto\u0161i\u0107 (director)<br \/>\n<\/b><span style=\"font-weight: 400;\">Aleksandra Sto\u0161i\u0107 graduated in painting from the Academy of Arts in Novi Sad. She is studying film at the University of Nova Gorica School of Arts. She has presented her work at solo and group exhibitions and participated in various international festivals. She won the first award at Bistrica Fest in 2023.<\/span><\/p>\n<p><b>Milan Baj\u010deti\u0107 (producer)<br \/>\n<\/b><span style=\"font-weight: 400;\">Milan Baj\u010deti\u0107 (Montenegro, 1997) is a multimedia artist. He graduated from the Faculty of Design and Multimedia. He worked at the same faculty for two years as assistant. His short animated 3D film The Ray of Microcosm premiered at the Montenegro Film festival in the student competition. He works with visual effects, composes and produces music.<\/span><\/p>\n<p><b><em>Greed<\/em><br \/>\n<\/b><span style=\"font-weight: 400;\">An influencer goes to a restaurant to investigate the secret of the OrganicPink powder used to make food. When they taste the food, a crew member consumes too much and becomes suddenly ill, so they take him away. Although she soon learns what the source of the food is, the influencer can&#8217;t stop eating neither.<\/span><\/p>\n"}]}]},{"acf_fc_layout":"section","id":"","title":"","subtitle":"","lead":"<p><a href=\"https:\/\/zff.hr\/wp-content\/uploads\/2023\/10\/6logo-1024x761.jpg\"><img decoding=\"async\" loading=\"lazy\" class=\"alignnone wp-image-38261\" src=\"https:\/\/zff.hr\/wp-content\/uploads\/2023\/10\/6logo-1024x761.jpg\" alt=\"\" width=\"404\" height=\"300\" srcset=\"https:\/\/2023.zff.hr\/wp-content\/uploads\/2023\/10\/6logo-1024x761.jpg 1024w, https:\/\/2023.zff.hr\/wp-content\/uploads\/2023\/10\/6logo-300x223.jpg 300w, https:\/\/2023.zff.hr\/wp-content\/uploads\/2023\/10\/6logo-768x570.jpg 768w, https:\/\/2023.zff.hr\/wp-content\/uploads\/2023\/10\/6logo-160x119.jpg 160w, https:\/\/2023.zff.hr\/wp-content\/uploads\/2023\/10\/6logo.jpg 1454w\" sizes=\"(max-width: 404px) 100vw, 404px\" \/><\/a><\/p>\n","custom_css_toggle":false,"custom_css":"","content":false}]},"_links":{"self":[{"href":"https:\/\/2023.zff.hr\/en\/wp-json\/wp\/v2\/pages\/6090"}],"collection":[{"href":"https:\/\/2023.zff.hr\/en\/wp-json\/wp\/v2\/pages"}],"about":[{"href":"https:\/\/2023.zff.hr\/en\/wp-json\/wp\/v2\/types\/page"}],"author":[{"embeddable":true,"href":"https:\/\/2023.zff.hr\/en\/wp-json\/wp\/v2\/users\/1"}],"replies":[{"embeddable":true,"href":"https:\/\/2023.zff.hr\/en\/wp-json\/wp\/v2\/comments?post=6090"}],"version-history":[{"count":6,"href":"https:\/\/2023.zff.hr\/en\/wp-json\/wp\/v2\/pages\/6090\/revisions"}],"predecessor-version":[{"id":38405,"href":"https:\/\/2023.zff.hr\/en\/wp-json\/wp\/v2\/pages\/6090\/revisions\/38405"}],"up":[{"embeddable":true,"href":"https:\/\/2023.zff.hr\/en\/wp-json\/wp\/v2\/pages\/756"}],"wp:featuredmedia":[{"embeddable":true,"href":"https:\/\/2023.zff.hr\/en\/wp-json\/wp\/v2\/media\/12849"}],"wp:attachment":[{"href":"https:\/\/2023.zff.hr\/en\/wp-json\/wp\/v2\/media?parent=6090"}],"curies":[{"name":"wp","href":"https:\/\/api.w.org\/{rel}","templated":true}]}}