{"id":38208,"date":"2023-10-17T16:56:38","date_gmt":"2023-10-17T15:56:38","guid":{"rendered":"https:\/\/zff.hr\/?page_id=38208"},"modified":"2023-11-05T10:25:44","modified_gmt":"2023-11-05T09:25:44","slug":"close-up-renee-hansen-mlodyszewski","status":"publish","type":"page","link":"https:\/\/2023.zff.hr\/en\/industry\/close-up-renee-hansen-mlodyszewski\/","title":{"rendered":"Close-Up: Ren\u00e9e Hansen Mlodyszewski"},"content":{"rendered":"","protected":false},"excerpt":{"rendered":"","protected":false},"author":1,"featured_media":38307,"parent":756,"menu_order":0,"comment_status":"closed","ping_status":"closed","template":"","meta":[],"acf":[],"aioseo_notices":[],"acf_fields":{"page_builder":true,"content":"","blocks":[{"acf_fc_layout":"header","id":"","image":38307,"video":false,"loop_video":false,"breadcrumbs":true,"lead":"<h1>Close-Up: Ren\u00e9e Hansen Mlodyszewski<\/h1>\n<p>&nbsp;<\/p>\n","speed":"1"},{"acf_fc_layout":"section","id":"","title":"","subtitle":"","lead":"<p><b>11\/11 | SATURDAY | Kino Kinoteka<\/b><\/p>\n<p><b>12:30 \u2013 <\/b><b>14:40 <\/b><b>| <\/b><b>screening of <\/b><b><i>The Worst Person in the World<br \/>\n<\/i><\/b><b>14:40 \u2013 16:30 | masterclass <\/b><span style=\"font-weight: 400;\">\u00a0<\/span><span style=\"font-weight: 400;\">\u00a0<\/span><\/p>\n<p><span style=\"font-weight: 400;\">In cooperation with the Filmmakers Association of Croatia (HDFD), ZFF presents a masterclass by producer Ren\u00e9e Hansen Mlodyszewski, who will talk about her involvement in the Oscar-nominated feature <\/span><i><span style=\"font-weight: 400;\">The Worst Person in the World<\/span><\/i><span style=\"font-weight: 400;\"> (ZFF 2021) \u2013 from funding and production, to post-production and promotion of this charming dramedy about a millennial undergoing an identity crisis. In addition to the recent team-up with Norwegian melancholic Joachim Trier, in conversation with moderator Jelena Pa\u0161i\u0107, Ren\u00e9e will also touch on other films in her production oeuvre. She will reflect on her dynamic collaborations, share her vision of creative synergies, and provide tips on teamworking with screenwriters and directors.\u00a0<\/span><\/p>\n<p><b>A screening of Joachim Trier\u2019s feature <\/b><a href=\"https:\/\/zff.hr\/en\/movies\/the-worst-person-in-the-world\/\" target=\"_blank\" rel=\"noopener\"><b><i>The Worst Person in the World<\/i><\/b><\/a><b> will take place before the masterclass.<\/b><\/p>\n","custom_css_toggle":false,"custom_css":"","content":[{"acf_fc_layout":"grid","columns":[{"number":"lecturer","title":"Ren\u00e9e Hansen Mlodyszewski","description":"<p><a href=\"https:\/\/zff.hr\/wp-content\/uploads\/2023\/10\/Renee-Mlodyszewski_photo.jpg\"><img decoding=\"async\" loading=\"lazy\" class=\"alignnone wp-image-38193\" src=\"https:\/\/zff.hr\/wp-content\/uploads\/2023\/10\/Renee-Mlodyszewski_photo.jpg\" alt=\"\" width=\"200\" height=\"200\" srcset=\"https:\/\/2023.zff.hr\/wp-content\/uploads\/2023\/10\/Renee-Mlodyszewski_photo.jpg 725w, https:\/\/2023.zff.hr\/wp-content\/uploads\/2023\/10\/Renee-Mlodyszewski_photo-300x300.jpg 300w, https:\/\/2023.zff.hr\/wp-content\/uploads\/2023\/10\/Renee-Mlodyszewski_photo-150x150.jpg 150w, https:\/\/2023.zff.hr\/wp-content\/uploads\/2023\/10\/Renee-Mlodyszewski_photo-160x160.jpg 160w\" sizes=\"(max-width: 200px) 100vw, 200px\" \/><\/a><\/p>\n<p><span style=\"font-weight: 400;\">Ren\u00e9e Hansen Mlodyszewski (1986) graduated in production from the Norwegian Film School, and also completed undergraduate studies in administration and management at OsloMet. She attended Nordic Film Lab, Young Nordic Producers Club, UP 2.0 and EAVE training programs. She worked as associate producer on <\/span><i><span style=\"font-weight: 400;\">The Worst Person in the World<\/span><\/i><span style=\"font-weight: 400;\"> (ZFF 2021), nominated for two Oscars. In 2022, she teamed up with the producers at True Content and founded its sister company in Norway. Besides being actively engaged in film production, she has taught production at the Norwegian Film School and participated in several juries.<\/span><\/p>\n"},{"number":"moderator","title":"Jelena Pa\u0161i\u0107","description":"<p><a href=\"https:\/\/zff.hr\/wp-content\/uploads\/2023\/11\/Jelena-Pasic_photo.jpg\"><img decoding=\"async\" loading=\"lazy\" class=\"alignnone wp-image-39379\" src=\"https:\/\/zff.hr\/wp-content\/uploads\/2023\/11\/Jelena-Pasic_photo.jpg\" alt=\"\" width=\"200\" height=\"200\" srcset=\"https:\/\/2023.zff.hr\/wp-content\/uploads\/2023\/11\/Jelena-Pasic_photo.jpg 725w, https:\/\/2023.zff.hr\/wp-content\/uploads\/2023\/11\/Jelena-Pasic_photo-300x300.jpg 300w, https:\/\/2023.zff.hr\/wp-content\/uploads\/2023\/11\/Jelena-Pasic_photo-150x150.jpg 150w, https:\/\/2023.zff.hr\/wp-content\/uploads\/2023\/11\/Jelena-Pasic_photo-160x160.jpg 160w\" sizes=\"(max-width: 200px) 100vw, 200px\" \/><\/a><\/p>\n<p><span style=\"font-weight: 400;\">Jelena Pa\u0161i\u0107 graduated in art history and cultural anthropology. In the last ten years, she has collaborated on numerous domestic cultural and artistic projects, and for the past six years, she has been the editor-in-chief at the web portal Vizkultura. She nurtures ties with ZFF since her first autumn as a college student, and professionally since 2013, when she joined the festival team. In the last few years, she was one of the program selectors and press office team member at ZagrebDox. She is a member of the programming council of the \u0160ibenik Art Cinema Arsen. She regularly publishes essays and critical reviews.<\/span><\/p>\n"}]}]},{"acf_fc_layout":"section","id":"","title":"","subtitle":"","lead":"<p><a href=\"https:\/\/zff.hr\/wp-content\/uploads\/2017\/10\/HDFD-logo-vektorski.png\"><img decoding=\"async\" loading=\"lazy\" class=\"alignnone wp-image-29544\" src=\"https:\/\/zff.hr\/wp-content\/uploads\/2017\/10\/HDFD-logo-vektorski.png\" alt=\"\" width=\"78\" height=\"100\" srcset=\"https:\/\/2023.zff.hr\/wp-content\/uploads\/2017\/10\/HDFD-logo-vektorski.png 500w, https:\/\/2023.zff.hr\/wp-content\/uploads\/2017\/10\/HDFD-logo-vektorski-234x300.png 234w, https:\/\/2023.zff.hr\/wp-content\/uploads\/2017\/10\/HDFD-logo-vektorski-125x160.png 125w\" sizes=\"(max-width: 78px) 100vw, 78px\" \/><\/a><\/p>\n","custom_css_toggle":false,"custom_css":"","content":false}]},"_links":{"self":[{"href":"https:\/\/2023.zff.hr\/en\/wp-json\/wp\/v2\/pages\/38208"}],"collection":[{"href":"https:\/\/2023.zff.hr\/en\/wp-json\/wp\/v2\/pages"}],"about":[{"href":"https:\/\/2023.zff.hr\/en\/wp-json\/wp\/v2\/types\/page"}],"author":[{"embeddable":true,"href":"https:\/\/2023.zff.hr\/en\/wp-json\/wp\/v2\/users\/1"}],"replies":[{"embeddable":true,"href":"https:\/\/2023.zff.hr\/en\/wp-json\/wp\/v2\/comments?post=38208"}],"version-history":[{"count":4,"href":"https:\/\/2023.zff.hr\/en\/wp-json\/wp\/v2\/pages\/38208\/revisions"}],"predecessor-version":[{"id":39385,"href":"https:\/\/2023.zff.hr\/en\/wp-json\/wp\/v2\/pages\/38208\/revisions\/39385"}],"up":[{"embeddable":true,"href":"https:\/\/2023.zff.hr\/en\/wp-json\/wp\/v2\/pages\/756"}],"wp:featuredmedia":[{"embeddable":true,"href":"https:\/\/2023.zff.hr\/en\/wp-json\/wp\/v2\/media\/38307"}],"wp:attachment":[{"href":"https:\/\/2023.zff.hr\/en\/wp-json\/wp\/v2\/media?parent=38208"}],"curies":[{"name":"wp","href":"https:\/\/api.w.org\/{rel}","templated":true}]}}