{"id":29714,"date":"2021-11-04T01:23:46","date_gmt":"2021-11-04T00:23:46","guid":{"rendered":"https:\/\/zff.hr\/?page_id=29714"},"modified":"2023-11-04T08:54:16","modified_gmt":"2023-11-04T07:54:16","slug":"auteur-film-festival","status":"publish","type":"page","link":"https:\/\/2023.zff.hr\/en\/auteur-film-festival\/","title":{"rendered":"Auteur Film Festival"},"content":{"rendered":"","protected":false},"excerpt":{"rendered":"","protected":false},"author":1,"featured_media":38927,"parent":0,"menu_order":0,"comment_status":"closed","ping_status":"closed","template":"","meta":[],"acf":[],"aioseo_notices":[],"acf_fields":{"page_builder":true,"blocks":[{"acf_fc_layout":"header","id":"","image":38954,"video":false,"loop_video":false,"breadcrumbs":true,"lead":"<h1>Auteur Film Festival<\/h1>\n","speed":"1"},{"acf_fc_layout":"section","id":"","title":"","subtitle":"","lead":"<p><span style=\"font-weight: 400;\">For decades, the Belgrade Auteur Film Festival (FAF) has focused on films that don\u2019t shy away from political issues, genre ruptures, and cinematic provocations, organised into several programs that vary in scope and concept. The Brave Balkans program stands out as a marginally experimental competitive selection, which is, true to its name, based on examinations of identity and boldness of expression, regardless of runtime, format, the authors\u2019 gender or fame. On this occasion, selectors Stefan Ivan\u010di\u0107 and Ma\u0161a Seni\u010di\u0107 choose atmospherically layered films from countries of former Yugoslavia, which could come together around silent incomprehension and burning intolerance: ethnic, generational, emotional and familial. In the five short titles, these elements are palpable, both in their thematic range and cinematic language.<\/span><\/p>\n<p><b>Stefan Ivan\u010di\u0107 &amp; Ma\u0161a Seni\u010di\u0107, Selectors for the Brave Balkans Competition, Auteur Film Festival<\/b><\/p>\n","custom_css_toggle":false,"custom_css":"","content":false},{"acf_fc_layout":"section","id":"","title":"","subtitle":"","lead":"<p><a href=\"https:\/\/zff.hr\/wp-content\/uploads\/2021\/11\/festivalautorskogfilma_logo.png\"><img decoding=\"async\" loading=\"lazy\" class=\"alignnone wp-image-29709 size-full\" src=\"https:\/\/zff.hr\/wp-content\/uploads\/2021\/11\/festivalautorskogfilma_logo.png\" alt=\"\" width=\"184\" height=\"86\" srcset=\"https:\/\/2023.zff.hr\/wp-content\/uploads\/2021\/11\/festivalautorskogfilma_logo.png 184w, https:\/\/2023.zff.hr\/wp-content\/uploads\/2021\/11\/festivalautorskogfilma_logo-160x75.png 160w\" sizes=\"(max-width: 184px) 100vw, 184px\" \/><\/a><\/p>\n","custom_css_toggle":false,"custom_css":"","content":false},{"acf_fc_layout":"movie_list","section_title":"","order_by":"title","order":"ASC","meta_value":"","programme":[207],"number_of_posts":"","slider":false,"show_more_url":""}]},"_links":{"self":[{"href":"https:\/\/2023.zff.hr\/en\/wp-json\/wp\/v2\/pages\/29714"}],"collection":[{"href":"https:\/\/2023.zff.hr\/en\/wp-json\/wp\/v2\/pages"}],"about":[{"href":"https:\/\/2023.zff.hr\/en\/wp-json\/wp\/v2\/types\/page"}],"author":[{"embeddable":true,"href":"https:\/\/2023.zff.hr\/en\/wp-json\/wp\/v2\/users\/1"}],"replies":[{"embeddable":true,"href":"https:\/\/2023.zff.hr\/en\/wp-json\/wp\/v2\/comments?post=29714"}],"version-history":[{"count":1,"href":"https:\/\/2023.zff.hr\/en\/wp-json\/wp\/v2\/pages\/29714\/revisions"}],"predecessor-version":[{"id":37264,"href":"https:\/\/2023.zff.hr\/en\/wp-json\/wp\/v2\/pages\/29714\/revisions\/37264"}],"wp:featuredmedia":[{"embeddable":true,"href":"https:\/\/2023.zff.hr\/en\/wp-json\/wp\/v2\/media\/38927"}],"wp:attachment":[{"href":"https:\/\/2023.zff.hr\/en\/wp-json\/wp\/v2\/media?parent=29714"}],"curies":[{"name":"wp","href":"https:\/\/api.w.org\/{rel}","templated":true}]}}