{"id":25291,"date":"2020-10-02T00:14:04","date_gmt":"2020-10-01T23:14:04","guid":{"rendered":"http:\/\/zff.hr\/croatian-film\/"},"modified":"2023-11-27T07:37:24","modified_gmt":"2023-11-27T06:37:24","slug":"croatian-film","status":"publish","type":"page","link":"https:\/\/2023.zff.hr\/en\/croatian-film\/","title":{"rendered":"croatian.film"},"content":{"rendered":"","protected":false},"excerpt":{"rendered":"","protected":false},"author":1,"featured_media":25923,"parent":0,"menu_order":0,"comment_status":"closed","ping_status":"closed","template":"","meta":[],"acf":[],"aioseo_notices":[],"acf_fields":{"page_builder":true,"blocks":[{"acf_fc_layout":"header","id":"","image":40576,"video":false,"loop_video":false,"breadcrumbs":true,"lead":"<h1>croatian.film<\/h1>\n","speed":"1"},{"acf_fc_layout":"section","id":"","title":"","subtitle":"","lead":"<p>Internetska platforma\u00a0<a href=\"https:\/\/croatian.film\/hr\/\" target=\"_blank\" rel=\"noopener\"><strong>croatian.film<\/strong><\/a>, koja okuplja doma\u0107e filmove kratkog, srednjeg i dugog metra, sredi\u0161nje je\u00a0<em>online<\/em>\u00a0mjesto za promociju i gledanje hrvatskog filma svih vrsta, \u017eanrova i formi.\u00a0Platformu je 2018. godine pokrenula\u00a0Umjetni\u010dka organizacija Zagreb Film Festival\u00a0kao svojevrstan razvojni korak i nadogradnju ZFF-ovog nacionalnog natjecateljskog programa Kockice. Otad platforma djeluje s misijom promocije hrvatske kinematografije, \u0161irenja i ja\u010danja dostupnosti doma\u0107eg filma. Tijekom trajanja ZFF-a na stranici croatian.film prikazuju se filmovi iz programa Kockice.<\/p>\n","custom_css_toggle":false,"custom_css":"","content":false}]},"_links":{"self":[{"href":"https:\/\/2023.zff.hr\/en\/wp-json\/wp\/v2\/pages\/25291"}],"collection":[{"href":"https:\/\/2023.zff.hr\/en\/wp-json\/wp\/v2\/pages"}],"about":[{"href":"https:\/\/2023.zff.hr\/en\/wp-json\/wp\/v2\/types\/page"}],"author":[{"embeddable":true,"href":"https:\/\/2023.zff.hr\/en\/wp-json\/wp\/v2\/users\/1"}],"replies":[{"embeddable":true,"href":"https:\/\/2023.zff.hr\/en\/wp-json\/wp\/v2\/comments?post=25291"}],"version-history":[{"count":0,"href":"https:\/\/2023.zff.hr\/en\/wp-json\/wp\/v2\/pages\/25291\/revisions"}],"wp:featuredmedia":[{"embeddable":true,"href":"https:\/\/2023.zff.hr\/en\/wp-json\/wp\/v2\/media\/25923"}],"wp:attachment":[{"href":"https:\/\/2023.zff.hr\/en\/wp-json\/wp\/v2\/media?parent=25291"}],"curies":[{"name":"wp","href":"https:\/\/api.w.org\/{rel}","templated":true}]}}