{"id":25290,"date":"2020-10-01T23:56:55","date_gmt":"2020-10-01T22:56:55","guid":{"rendered":"http:\/\/zff.hr\/kinoeuropa-hr\/"},"modified":"2023-11-28T07:59:35","modified_gmt":"2023-11-28T06:59:35","slug":"kinoeuropa-hr","status":"publish","type":"page","link":"https:\/\/2023.zff.hr\/en\/kinoeuropa-hr\/","title":{"rendered":"kinoeuropa.hr"},"content":{"rendered":"","protected":false},"excerpt":{"rendered":"","protected":false},"author":1,"featured_media":40619,"parent":0,"menu_order":0,"comment_status":"closed","ping_status":"closed","template":"","meta":[],"acf":[],"aioseo_notices":[],"acf_fields":{"page_builder":true,"blocks":[{"acf_fc_layout":"header","id":"","image":40623,"video":false,"loop_video":false,"breadcrumbs":true,"lead":"<h1>kinoeuropa.hr<\/h1>\n","speed":"1"},{"acf_fc_layout":"section","id":"","title":"","subtitle":"","lead":"<p><a href=\"https:\/\/kinoeuropa.hr\/\"><strong>kinoeuropa.hr<\/strong><\/a>\u00a0je platforma za gledanje suvremenog me\u0111unarodnog autorskog filma,\u00a0koji je od 2008. do 2019. godine \u010dinio okosnicu programa zagreba\u010dkog kina Europa. Platformu je pokrenula Umjetni\u010dka organizacija Zagreb Film Festival 2019. godine, to\u010dno na 95. ro\u0111endan kina Europa, kao odgovor na prazninu nastalu zatvaranjem zgrade kultnog kina u Var\u0161avskoj 3. Tijekom ZFF-a, na ovoj se platformi mogu pogledati naslovi iz programa PLUS i Festivali pod reflektorom.<\/p>\n","custom_css_toggle":false,"custom_css":"","content":false}]},"_links":{"self":[{"href":"https:\/\/2023.zff.hr\/en\/wp-json\/wp\/v2\/pages\/25290"}],"collection":[{"href":"https:\/\/2023.zff.hr\/en\/wp-json\/wp\/v2\/pages"}],"about":[{"href":"https:\/\/2023.zff.hr\/en\/wp-json\/wp\/v2\/types\/page"}],"author":[{"embeddable":true,"href":"https:\/\/2023.zff.hr\/en\/wp-json\/wp\/v2\/users\/1"}],"replies":[{"embeddable":true,"href":"https:\/\/2023.zff.hr\/en\/wp-json\/wp\/v2\/comments?post=25290"}],"version-history":[{"count":0,"href":"https:\/\/2023.zff.hr\/en\/wp-json\/wp\/v2\/pages\/25290\/revisions"}],"wp:featuredmedia":[{"embeddable":true,"href":"https:\/\/2023.zff.hr\/en\/wp-json\/wp\/v2\/media\/40619"}],"wp:attachment":[{"href":"https:\/\/2023.zff.hr\/en\/wp-json\/wp\/v2\/media?parent=25290"}],"curies":[{"name":"wp","href":"https:\/\/api.w.org\/{rel}","templated":true}]}}