{"id":17176,"date":"2018-10-29T22:18:55","date_gmt":"2018-10-29T21:18:55","guid":{"rendered":"http:\/\/zff.hr\/?page_id=17176"},"modified":"2023-10-17T21:19:46","modified_gmt":"2023-10-17T20:19:46","slug":"first-time-at-the-cinema","status":"publish","type":"page","link":"https:\/\/2023.zff.hr\/en\/first-time-at-the-cinema\/","title":{"rendered":"First Time at the Cinema"},"content":{"rendered":"","protected":false},"excerpt":{"rendered":"","protected":false},"author":1,"featured_media":37730,"parent":0,"menu_order":0,"comment_status":"closed","ping_status":"closed","template":"","meta":[],"acf":[],"aioseo_notices":[],"acf_fields":{"page_builder":true,"content":"<p>Moj prvi odlazak u kino je program za najmla\u0111e (3+) u kojem prikazujemo osam kratkometra\u017enih animiranih filmova iz \u010ce\u0161ke prema odabiru Jaroslave Hyn\u0161tove, selektorice Zlin Film Festivala. Moj prvi odlazak u kino gostuju\u0107i je program s Me\u0111unarodnog filmskog festivala za djecu KinoKino.<\/p>\n","blocks":[{"acf_fc_layout":"header","id":"","image":38430,"video":false,"loop_video":false,"breadcrumbs":true,"lead":"<h1>First Time at the Cinema<\/h1>\n","speed":"1"},{"acf_fc_layout":"section","id":"","title":"","subtitle":"","lead":"<p>First Time at the Cinema is a program for the youngest ones (y. 3+).<\/p>\n","custom_css_toggle":false,"custom_css":"","content":false},{"acf_fc_layout":"movie_list","section_title":"","order_by":"date","order":"DESC","meta_value":"","programme":[245,167],"number_of_posts":"7","slider":false,"show_more_url":""}]},"_links":{"self":[{"href":"https:\/\/2023.zff.hr\/en\/wp-json\/wp\/v2\/pages\/17176"}],"collection":[{"href":"https:\/\/2023.zff.hr\/en\/wp-json\/wp\/v2\/pages"}],"about":[{"href":"https:\/\/2023.zff.hr\/en\/wp-json\/wp\/v2\/types\/page"}],"author":[{"embeddable":true,"href":"https:\/\/2023.zff.hr\/en\/wp-json\/wp\/v2\/users\/1"}],"replies":[{"embeddable":true,"href":"https:\/\/2023.zff.hr\/en\/wp-json\/wp\/v2\/comments?post=17176"}],"version-history":[{"count":1,"href":"https:\/\/2023.zff.hr\/en\/wp-json\/wp\/v2\/pages\/17176\/revisions"}],"predecessor-version":[{"id":37874,"href":"https:\/\/2023.zff.hr\/en\/wp-json\/wp\/v2\/pages\/17176\/revisions\/37874"}],"wp:featuredmedia":[{"embeddable":true,"href":"https:\/\/2023.zff.hr\/en\/wp-json\/wp\/v2\/media\/37730"}],"wp:attachment":[{"href":"https:\/\/2023.zff.hr\/en\/wp-json\/wp\/v2\/media?parent=17176"}],"curies":[{"name":"wp","href":"https:\/\/api.w.org\/{rel}","templated":true}]}}