{"id":17066,"date":"2017-11-13T09:47:53","date_gmt":"2017-11-13T08:47:53","guid":{"rendered":"http:\/\/zff.hr\/?page_id=17066"},"modified":"2023-11-09T10:28:02","modified_gmt":"2023-11-09T09:28:02","slug":"raspored","status":"publish","type":"page","link":"https:\/\/2023.zff.hr\/en\/raspored\/","title":{"rendered":"Schedule"},"content":{"rendered":"","protected":false},"excerpt":{"rendered":"","protected":false},"author":1,"featured_media":37110,"parent":0,"menu_order":0,"comment_status":"closed","ping_status":"closed","template":"page-schedule-table.php","meta":[],"acf":[],"aioseo_notices":[],"acf_fields":{"page_builder":false,"content":"","new_schedule":[{"blocks":"blocks-infinite","notificatiomn":"","big_notification":"","schedule_column":[{"column_title":"Cinema SC","schedule_row":[{"row_text":"<p><strong>19:30<\/strong><\/p>\n"}]},{"column_title":"MONDAY, 6.11.","schedule_row":[{"row_text":"<p><strong>OPENING<\/strong><br \/>\nMAIN PROGRAM<br \/>\n<a href=\"https:\/\/zff.hr\/en\/movies\/seventh-heaven\/\">Seventh Heaven<\/a><br \/>\n<small>Jasna Nanut \/ 88&#8242;<\/small><\/p>\n"}]},{"column_title":"TUESDAY, 7.11.","schedule_row":[{"row_text":""}]},{"column_title":"WEDNESDAY, 8.11.","schedule_row":[{"row_text":""}]},{"column_title":"THURSDAY, 9.11.","schedule_row":[{"row_text":""}]},{"column_title":"FRIDAY, 10.11.","schedule_row":[{"row_text":""}]},{"column_title":"SATURDAY, 11.11.","schedule_row":[{"row_text":"<p><strong>CLOSING<\/strong><br \/>\nMAIN PROGRAM<br \/>\n<a href=\"https:\/\/zff.hr\/en\/movies\/guardians-of-the-formula\/\">Guardians of the Formula<\/a><br \/>\n<small>Dragan Bjelogrli\u0107 \/ 120&#8242;<\/small><\/p>\n"}]}]},{"blocks":"blocks-infinite","notificatiomn":"","big_notification":"","schedule_column":[{"column_title":"CineStar Branimir","schedule_row":[{"row_text":"<p><strong>10:30<br \/>\nMAIN PROGRAM<\/strong><\/p>\n"},{"row_text":"<p><strong>13:00<br \/>\nGLAVNI PROGRAM<\/strong><\/p>\n"},{"row_text":"<p><strong>18:30<br \/>\nMAIN PROGRAM<\/strong><\/p>\n"},{"row_text":"<p><strong>21:00<br \/>\nMAIN PROGRAM<\/strong><\/p>\n"}]},{"column_title":"TUESDAY, 7.11.","schedule_row":[{"row_text":"<p><a href=\"https:\/\/zff.hr\/en\/movies\/how-to-have-sex\/\"><strong>How to Have Sex<\/strong><\/a><br \/>\n<small>Molly Manning Walker \/ 98&#8242;<\/small><\/p>\n"},{"row_text":"<p><a href=\"https:\/\/zff.hr\/en\/movies\/lost-country\/\"><strong>Lost Country<\/strong><\/a><br \/>\n<small>Vladimir Peri\u0161i\u0107 \/ 98&#8242;<\/small><\/p>\n"},{"row_text":"<p><a href=\"https:\/\/zff.hr\/en\/movies\/how-to-have-sex\/\"><strong>How to Have Sex<\/strong><\/a><br \/>\n<small>Molly Manning Walker \/ 98&#8242;<\/small><\/p>\n"},{"row_text":"<p><a href=\"https:\/\/zff.hr\/en\/movies\/lost-country\/\"><strong>Lost Country<\/strong><\/a><br \/>\n<small>Vladimir Peri\u0161i\u0107 \/ 98&#8242;<\/small><\/p>\n"}]},{"column_title":"WEDNESDAY, 8.11.","schedule_row":[{"row_text":"<p><a href=\"https:\/\/zff.hr\/en\/movies\/radical\/\"><strong>Radical<\/strong><\/a><br \/>\n<small>Christopher Zalla \/ 127&#8242;<\/small><\/p>\n"},{"row_text":"<p><a href=\"https:\/\/zff.hr\/en\/movies\/housekeeping-for-beginners\/\"><strong>Housekeeping for Beginners<\/strong><\/a><br \/>\n<small>Goran Stolevski \/ 107&#8242;<br \/>\n(out of competition)<\/small><\/p>\n"},{"row_text":"<p><a href=\"https:\/\/zff.hr\/en\/movies\/radical\/\"><strong>Radical<\/strong><\/a><br \/>\n<small>Christopher Zalla \/ 127&#8242;<\/small><\/p>\n"},{"row_text":"<p><a href=\"https:\/\/zff.hr\/en\/movies\/my-flat\/\"><strong>My Flat<\/strong><\/a><br \/>\n(70 years of Zagreb Film)<br \/>\n<small>Zvonimir Berkovi\u0107 \/ 13&#8242;<\/small><\/p>\n<p><a href=\"https:\/\/zff.hr\/en\/movies\/housekeeping-for-beginners\/\"><strong>Housekeeping for Beginners<\/strong><\/a><br \/>\n<small>Goran Stolevski \/ 107&#8242;<br \/>\n(out of competition)<\/small><\/p>\n"}]},{"column_title":"THURSDAY, 9.11.","schedule_row":[{"row_text":"<p><a href=\"https:\/\/zff.hr\/en\/movies\/past-lives\/\"><strong>Past Lives<\/strong><\/a><br \/>\n<small>Celine Song \/ 106&#8242;<\/small><\/p>\n"},{"row_text":"<p><a href=\"https:\/\/zff.hr\/en\/movies\/excursion\/\"><strong>Excursion<\/strong><\/a><br \/>\n<small>Una Gunjak \/ 93&#8242;<\/small><\/p>\n"},{"row_text":"<p><a href=\"https:\/\/zff.hr\/en\/movies\/past-lives\/\"><strong>Past Lives<\/strong><\/a><br \/>\n<small>Celine Song \/ 106&#8242;<\/small><\/p>\n"},{"row_text":"<p><a href=\"https:\/\/zff.hr\/en\/movies\/excursion\/\"><strong>Excursion<\/strong><\/a><br \/>\n<small>Una Gunjak \/ 93&#8242;<\/small><\/p>\n"}]},{"column_title":"FRIDAY, 10.11.","schedule_row":[{"row_text":"<p><a href=\"https:\/\/zff.hr\/en\/movies\/20-000-species-of-bees\/\"><strong>20,000 Species of Bees<\/strong><\/a><br \/>\n<small>Estibaliz Urresola Solaguren \/ 129&#8242;<\/small><\/p>\n"},{"row_text":"<p><a href=\"https:\/\/zff.hr\/en\/movies\/solitude\/\"><strong>Solitude<\/strong><\/a><br \/>\n<small>Ninna P\u00e1lmad\u00f3ttir \/ 75&#8242;<\/small><\/p>\n"},{"row_text":"<p><a href=\"https:\/\/zff.hr\/en\/movies\/20-000-species-of-bees\/\"><strong>20,000 Species of Bees<\/strong><\/a><br \/>\n<small>Estibaliz Urresola Solaguren \/ 129&#8242;<\/small><\/p>\n"},{"row_text":"<p><a href=\"https:\/\/zff.hr\/en\/movies\/solitude\/\"><strong>Solitude<\/strong><\/a><br \/>\n<small>Ninna P\u00e1lmad\u00f3ttir \/ 75&#8242;<\/small><\/p>\n"}]},{"column_title":"SATURDAY, 11.11.","schedule_row":[{"row_text":""},{"row_text":""},{"row_text":"<p>GREAT 5<br \/>\n<a href=\"https:\/\/zff.hr\/en\/movies\/all-of-us-strangers\/\"><strong>All of Us Strangers<\/strong><\/a><br \/>\n<small>Andrew Haigh \/ 105&#8242;<\/small><\/p>\n"},{"row_text":"<p><a href=\"https:\/\/zff.hr\/en\/movies\/how-to-have-sex\/\"><strong>How to Have Sex<\/strong><\/a><br \/>\n<small>Molly Manning Walker \/ 98&#8242;<\/small><\/p>\n"}]},{"column_title":"SUNDAY, 12.11.","schedule_row":[{"row_text":""},{"row_text":""},{"row_text":"<p>TOGETHER AGAIN<br \/>\n<a href=\"https:\/\/zff.hr\/en\/movies\/teachers-lounge\/\"><strong>Teacher&#8217;s Lounge<\/strong><\/a><br \/>\n<small>Ilker \u00c7atak \/ 94&#8242;<\/small><\/p>\n"},{"row_text":"<p>20:30 TOGETHER AGAIN<br \/>\n<a href=\"https:\/\/zff.hr\/en\/movies\/priscilla\/\"><strong>Priscilla<\/strong><\/a><br \/>\n<small>Sofia Coppola \/ 113&#8242;<\/small><\/p>\n"}]}]},{"blocks":"blocks-infinite","notificatiomn":"","big_notification":"","schedule_column":[{"column_title":"Cinema Kinoteka","schedule_row":[{"row_text":"<p><strong>11:00<br \/>\nKINOKINO<\/strong><\/p>\n"},{"row_text":"<p><strong>14:00<br \/>\nPLUS<\/strong><\/p>\n"},{"row_text":"<p><strong>17:00<br \/>\nGREAT 5<\/strong><\/p>\n"},{"row_text":"<p><strong>19:30<br \/>\nTOGETHER AGAIN<\/strong><\/p>\n"},{"row_text":"<p><strong>22:00<br \/>\nCHECKERS &#038; INTERNATIONAL SHORTS<\/strong><\/p>\n"}]},{"column_title":"TUESDAY, 7.11.","schedule_row":[{"row_text":"<p><a href=\"https:\/\/zff.hr\/en\/movies\/new-tales-of-franz\/\"><strong>New Tales of Franz<\/strong><\/a><br \/>\n<small>Johannes Schmid \/ 72&#8242;<\/small><\/p>\n"},{"row_text":""},{"row_text":"<p><a href=\"https:\/\/zff.hr\/en\/movies\/anatomy-of-a-fall\/\"><strong>Anatomy of a Fall<\/strong><\/a><br \/>\n<small>Justine Triet \/ 150&#8242;<\/small><\/p>\n"},{"row_text":"<p>20:00 NETWORK OF FESTIVALS IN THE ADRIATIC REGION<br \/>\n<a href=\"https:\/\/zff.hr\/en\/movies\/life-of-a-shock-force-worker\/\"><strong>Life of a Shock Force Worker<\/strong><\/a><br \/>\n<small>Bahrudin \u2018Bato\u2019 \u010cengi\u0107 \/ 78&#8242;<br \/>\n(out of competition)<\/small><\/p>\n"},{"row_text":"<p><a href=\"http:\/\/zff.hr\/en\/movies\/sentimental-stories\/\"><strong>Sentimental Stories<\/strong><\/a><br \/>\n<small>Xandra Popescu \/ 16&#8242;<\/small><\/p>\n<p><a href=\"http:\/\/zff.hr\/en\/movies\/short-cut-grass\/\"><strong>Short Cut Grass<\/strong><\/a><br \/>\n<small>David Ga\u0161o \/ 26&#8242;<\/small><\/p>\n<p><a href=\"http:\/\/zff.hr\/en\/movies\/schorched-earth\/\"><strong>Scorched Earth<\/strong><\/a><br \/>\n<small>Markela Kontaratou \/ 16&#8242;<\/small><\/p>\n<p><a href=\"http:\/\/zff.hr\/en\/movies\/ill-be-the-first\/\"><strong>I&#8217;ll Be the First<\/strong><\/a><br \/>\n<small>Martina Marasovi\u0107 \/ 22&#8242;<\/small><\/p>\n<p><a href=\"http:\/\/zff.hr\/en\/movies\/everything-tastes-strange-today\/\"><strong>Everything Tastes Strange Today<\/strong><\/a><br \/>\n<small>Kristina Spassovska \/ 15&#8242;<\/small><\/p>\n"}]},{"column_title":"WEDNESDAY, 8.11.","schedule_row":[{"row_text":""},{"row_text":"<p><a href=\"https:\/\/zff.hr\/en\/movies\/delegation\/\"><strong>Delegation<\/strong><\/a><br \/>\n<small>Asaf Saban \/ 101&#8242;<\/small><\/p>\n"},{"row_text":"<p><a href=\"https:\/\/zff.hr\/en\/movies\/afire\/\"><strong>Afire<\/strong><\/a><br \/>\n<small>Christian Petzold \/ 103&#8242;<\/small><\/p>\n"},{"row_text":"<p><a href=\"https:\/\/zff.hr\/en\/movies\/priscilla\/\"><strong>Priscilla<\/strong><\/a><br \/>\n<small>Sofia Coppola \/ 113&#8242;<\/small><\/p>\n"},{"row_text":"<p><a href=\"http:\/\/zff.hr\/en\/movies\/under-the-rug\/\"><strong>Under the Rug<\/strong><\/a><br \/>\n<small>Pa\u0161ko Vukasovi\u0107 \/ 23&#8242;<\/small><\/p>\n<p><a href=\"http:\/\/zff.hr\/en\/movies\/a-tortoises-year-of-fate\/\"><strong>A Tortoise&#8217;s Year of Fate<\/strong><\/a><br \/>\n<small>Yi Xiong \/ 20&#8242;<\/small><\/p>\n<p><a href=\"http:\/\/zff.hr\/en\/movies\/let-love-in\/\"><strong>Let Love In<\/strong><\/a><br \/>\n<small>Kristina Bari\u0161i\u0107 \/ 20&#8242;<\/small><\/p>\n<p><a href=\"http:\/\/zff.hr\/en\/movies\/a-dead-marriage\/\"><strong>A Dead Marriage<\/strong><\/a><br \/>\n<small>Micha\u0142 Toczek \/ 19&#8242;<\/small><\/p>\n"}]},{"column_title":"THURSDAY, 9.11.","schedule_row":[{"row_text":"<p><a href=\"https:\/\/zff.hr\/en\/movies\/full-of-grace\/\"><strong>Full of Grace<\/strong><\/a><br \/>\n<small>Roberto Bueso \/ 109&#8242;<\/small><\/p>\n"},{"row_text":""},{"row_text":"<p><a href=\"https:\/\/zff.hr\/en\/movies\/all-of-us-strangers\/\"><strong>All of Us Strangers<\/strong><\/a><br \/>\n<small>Andrew Haigh \/ 105&#8242;<\/small><\/p>\n"},{"row_text":"<p>19:00<br \/>\n<a href=\"https:\/\/zff.hr\/en\/movies\/do-not-expect-too-much-from-the-end-of-the-world-aka-a-case-history\/\"><strong>Do Not Expect Too Much from the End of the World aka A Case History<\/strong><\/a><br \/>\n<small>Radu Jude \/ 163&#8242;<\/small><\/p>\n"},{"row_text":"<p><a href=\"http:\/\/zff.hr\/en\/movies\/container-scanning\/\"><strong>Container Scanning<\/strong><\/a><br \/>\n<small>Edvin Hallberg, Anton Hellstr\u00f6m \/ 13&#8242;<\/small><\/p>\n<p><a href=\"http:\/\/zff.hr\/en\/movies\/the-pack\/\"><strong>The Pack<\/strong><\/a><br \/>\n<small>Marko Juki\u0107 \/ 23&#8242;<\/small><\/p>\n<p><a href=\"http:\/\/zff.hr\/en\/movies\/none-of-that\/\"><strong>None of That<\/strong><\/a><br \/>\n<small>Francisco Canton, Pato Martinez \/ 15&#8242;<\/small><\/p>\n<p><a href=\"http:\/\/zff.hr\/en\/movies\/skummy\/\"><strong>Skummy<\/strong><\/a><br \/>\n<small>Sa\u0161a Po\u0161ti\u0107 \/ 27&#8242;<\/small><\/p>\n<p><a href=\"http:\/\/zff.hr\/en\/movies\/tits\/\"><strong>Tits<\/strong><\/a><br \/>\n<small>Eivind Landsvik \/ 12&#8242;<\/small><\/p>\n"}]},{"column_title":"FRIDAY, 10.11.","schedule_row":[{"row_text":""},{"row_text":"<p><a href=\"https:\/\/zff.hr\/en\/movies\/sea-sparkle\/\"><strong>Sea Sparkle<\/strong><\/a><br \/>\n<small>Domien Huyghe \/ 98&#8242;<\/small><\/p>\n"},{"row_text":"<p><a href=\"https:\/\/zff.hr\/en\/movies\/kidnapped\/\"><strong>Kidnapped<\/strong><\/a><br \/>\n<small>Marco Bellocchio \/ 134&#8242;<\/small><\/p>\n"},{"row_text":"<p><a href=\"https:\/\/zff.hr\/en\/movies\/good-times-bad-times\/\"><strong>Good Times, Bad Times<\/strong><\/a><br \/>\n<small>Nevio Marasovi\u0107 \/ 72&#8242;<\/small><\/p>\n"},{"row_text":"<p><a href=\"http:\/\/zff.hr\/en\/movies\/the-Real-truth-about-the-fight\/\"><strong>The Real Truth about the Fight<\/strong><\/a><br \/>\n<small>Andrea Slavi\u010dek \/ 14&#8242;<br \/>\n(out of competition)<\/small><\/p>\n<p><a href=\"http:\/\/zff.hr\/en\/movies\/observation\/\"><strong>Observation<\/strong><\/a><br \/>\n<small>Christoffer Lossius \/ 20&#8242;<\/small><\/p>\n<p><a href=\"http:\/\/zff.hr\/en\/movies\/creepy-crawlies\/\"><strong>Creepy Crawlies<\/strong><\/a><br \/>\n<small>Filip Zadro \/ 19&#8242;<\/small><\/p>\n<p><a href=\"http:\/\/zff.hr\/en\/movies\/please-make-it-work\/\"><strong>Please Make it Work<\/strong><\/a><br \/>\n<small>Daniel Soares \/ 14&#8242;<\/small><\/p>\n<p><a href=\"http:\/\/zff.hr\/en\/movies\/its-alright-its-nice\/\"><strong>It&#8217;s Alright, it&#8217;s Nice<\/strong><\/a><br \/>\n<small>Luka Gale\u0161i\u0107 \/ 15&#8242;<\/small><\/p>\n"}]},{"column_title":"SATURDAY, 11.11.","schedule_row":[{"row_text":"<p><strong><a href=\"https:\/\/zff.hr\/en\/movies\/first-time-at-the-cinema\/\">First Time at the Cinema<\/a><\/strong><br \/>\n<small>selection of animated movies for kids of age 3+ \/ 41&#8242;<\/small><\/p>\n"},{"row_text":""},{"row_text":"<p><a href=\"http:\/\/zff.hr\/en\/movies\/strange-way-of-life\/\"><strong>Strange Way of Life<\/strong><\/a><br \/>\n<small>Pedro Almod\u00f3var \/ 31&#8242;<\/small><\/p>\n<p>+<\/p>\n<p><a href=\"http:\/\/zff.hr\/en\/movies\/upon-entry\/\"><strong>Upon Entry<\/strong><\/a><br \/>\n<small>Alejandro Rojas, Juan Sebasti\u00e1n Vasquez \/ 74&#8242;<\/small><\/p>\n"},{"row_text":"<p><a href=\"https:\/\/zff.hr\/en\/movies\/ama-gloria\/\"><strong>Ama Gloria<\/strong><\/a><br \/>\n<small>Marie Amachoukeli-Barsacq \/ 83&#8242;<\/small><\/p>\n"},{"row_text":"<p>21:30 LUX AUDIENCE AWARD<br \/>\n<a href=\"https:\/\/zff.hr\/en\/movies\/smoke-sauna-sisterhood\/\"><strong>Smoke Sauna Sisterhood<\/strong><\/a><br \/>\n<small>Anna Hints \/ 89&#8242;<\/small><\/p>\n"}]}]},{"blocks":"blocks-infinite","notificatiomn":"","big_notification":"","schedule_column":[{"column_title":"MSU","schedule_row":[{"row_text":"<p><strong>16:00<br \/>\nKINOKINO &#038; PLUS<\/strong><\/p>\n"},{"row_text":"<p><strong>18:00<br \/>\nNETWORK OF FESTIVALS IN THE ADRIATIC REGION<\/strong><\/p>\n"},{"row_text":"<p><strong>20:30<br \/>\nGREAT 5<\/strong><\/p>\n"}]},{"column_title":"TUESDAY, 7.11.","schedule_row":[{"row_text":"<p>KINOKINO<br \/>\n<a href=\"http:\/\/zff.hr\/en\/movies\/okthanksbye\/\"><strong>Okthanksbye<\/strong><\/a><br \/>\n<small>Nicole van Kilsdonk \/ 92&#8242;<\/small><\/p>\n"},{"row_text":"<p>TOGETHER AGAIN<br \/>\n<a href=\"https:\/\/zff.hr\/en\/movies\/teachers-lounge\/\"><strong>Teacher&#8217;s Lounge<\/strong><\/a><br \/>\n<small>Ilker \u00c7atak \/ 94&#8242;<\/small><\/p>\n"},{"row_text":"<p><a href=\"http:\/\/zff.hr\/en\/movies\/strange-way-of-life\/\"><strong>Strange Way of Life<\/strong><\/a><br \/>\n<small>Pedro Almod\u00f3var \/ 31&#8242;<\/small><\/p>\n<p>+<\/p>\n<p><a href=\"http:\/\/zff.hr\/en\/movies\/upon-entry\/\"><strong>Upon Entry<\/strong><\/a><br \/>\n<small>Alejandro Rojas, Juan Sebasti\u00e1n Vasquez \/ 74&#8242;<\/small><\/p>\n"}]},{"column_title":"WEDNESDAY, 8.11.","schedule_row":[{"row_text":"<p>PLUS<br \/>\n<a href=\"https:\/\/zff.hr\/en\/movies\/kung-fu-lion\/\"><strong>Kung Fu Lion<\/strong><\/a><br \/>\n<small>Froukje Tan \/ 85&#8242;<\/small><\/p>\n"},{"row_text":"<p><a href=\"http:\/\/zff.hr\/en\/movies\/sweet-dreams\/\"><strong>Sweet Dreams<\/strong><\/a><br \/>\n<small>Ena Sendijarevi\u0107 \/ 98&#8242;<\/small><\/p>\n"},{"row_text":"<p><a href=\"https:\/\/zff.hr\/en\/movies\/kidnapped\/\"><strong>Kidnapped<\/strong><\/a><br \/>\n<small>Marco Bellocchio \/ 134&#8242;<\/small><\/p>\n"}]},{"column_title":"THURSDAY, 9.11.","schedule_row":[{"row_text":"<p>KINOKINO<br \/>\n<a href=\"http:\/\/zff.hr\/en\/movies\/my-life-as-lotta\/\"><strong>My Life as Lotta<\/strong><\/a><br \/>\n<small>Martina Plura \/ 95&#8242;<\/small><\/p>\n"},{"row_text":"<p><a href=\"http:\/\/zff.hr\/en\/movies\/luksembourg-luksembourg\/\"><strong>Luxembourg, Luxembourg<\/strong><\/a><br \/>\n<small>Antonio Lukich \/ 102&#8242;<\/small><\/p>\n"},{"row_text":"<p><a href=\"https:\/\/zff.hr\/en\/movies\/afire\/\"><strong>Afire<\/strong><\/a><br \/>\n<small>Christian Petzold \/ 103&#8242;<\/small><\/p>\n"}]},{"column_title":"FRIDAY, 10.11.","schedule_row":[{"row_text":"<p>KINOKINO<br \/>\n<a href=\"http:\/\/zff.hr\/en\/movies\/dancing-queen\/\"><strong>Dancing Queen<\/strong><\/a><br \/>\n<small>Aurora Goss\u00e9 \/ 92&#8242;<\/small><\/p>\n"},{"row_text":"<p><a href=\"http:\/\/zff.hr\/en\/movies\/power\/\"><strong>Power<\/strong><\/a><br \/>\n<small>M\u00e1ty\u00e1s Prikler \/ 88&#8242;<\/small><\/p>\n"},{"row_text":"<p>TOGETHER AGAIN<br \/>\n<a href=\"http:\/\/zff.hr\/en\/movies\/opponent\/\"><strong>Opponent<\/strong><\/a><br \/>\n<small>Milad Alami \/ 119&#8242;<\/small><\/p>\n"}]},{"column_title":"SATURDAY, 11.11.","schedule_row":[{"row_text":""},{"row_text":"<p><a href=\"http:\/\/zff.hr\/en\/movies\/copenhagen-does-not-exist\/\"><strong>Copenhagen Does Not Exist<\/strong><\/a><br \/>\n<small>Martin Skovbjerg \/ 99&#8242;<\/small><\/p>\n"},{"row_text":"<p>20:00<br \/>\n<a href=\"http:\/\/zff.hr\/en\/movies\/anatomy-of-a-fall\/\"><strong>Anatomy of a Fall<\/strong><\/a><br \/>\n<small>Justine Triet \/ 150&#8242;<\/small><\/p>\n"}]},{"column_title":"SUNDAY, 12.11.","schedule_row":[{"row_text":""},{"row_text":"<p><a href=\"http:\/\/zff.hr\/en\/movies\/black-stone\/\"><strong>Black Stone<\/strong><\/a><br \/>\n<small>Spiros Jacovides \/ 87&#8242;<\/small><\/p>\n"},{"row_text":"<p>20:00 MAIN PROGRAM<br \/>\n<a href=\"http:\/\/zff.hr\/en\/movies\/past-lives\/\"><strong>Past Lives<\/strong><\/a><br \/>\n<small>Celine Song \/ 106&#8242;<\/small><\/p>\n"}]}]},{"blocks":"blocks-infinite","notificatiomn":"","big_notification":"","schedule_column":[{"column_title":"INDUSTRY","schedule_row":[{"row_text":""},{"row_text":""}]},{"column_title":"TUESDAY, 7.11.","schedule_row":[{"row_text":"<p>11h &#8211; 12h<br \/>\nAcademy of Dramatic Art &#8211; Theater Hall<br \/>\n<strong><a href=\"https:\/\/zff.hr\/en\/industry\/creative-europe-support-for-creative-innovation-lab\/\">Creative Europe: Support for Creative Innovation Lab<\/a><\/strong><\/p>\n"},{"row_text":"<p>12h &#8211; 14h<br \/>\nAcademy of Dramatic Art &#8211; Theater Hall<br \/>\n<strong><a href=\"https:\/\/zff.hr\/en\/industry\/media-info-day-what-is-there-for-me\/\">MEDIA Info Day \u2013 what is there for me?<\/a><\/strong><br \/>\n<small>Mentor: Martina Petrovi\u0107<\/small><\/p>\n"}]},{"column_title":"WEDNESDAY, 8.11.","schedule_row":[{"row_text":""},{"row_text":"<p>18 &#8211; 20 h<br \/>\nDOKUKINO KIC<br \/>\n<strong><a href=\"https:\/\/zff.hr\/en\/industry\/masterclass-olmo-omerzu\/\">MASTERCLASS: Olmo Omerzu<\/a><\/strong><br \/>\n<small>Moderator: Daria Bla\u017eevi\u0107<\/small><\/p>\n"}]},{"column_title":"THURSDAY, 9.11.","schedule_row":[{"row_text":""},{"row_text":""}]},{"column_title":"FRIDAY, 10.11.","schedule_row":[{"row_text":"<p>10:30 &#8211; 12:30 h<br \/>\nDOKUKINO KIC<br \/>\n<strong><a href=\"https:\/\/zff.hr\/en\/industry\/industry-youth\/\">Industry Youth!<\/a><\/strong><br \/>\n<small>Pitching Forum<\/small><\/p>\n"},{"row_text":"<p>17 &#8211; 19 h<br \/>\nAcademy of Dramatic Art &#8211; Theater Hall<br \/>\n<a href=\"https:\/\/zff.hr\/en\/industry\/masterclass-bettina-bohler\/\">MASTERCLASS: Bettina B\u00f6hler<\/a><br \/>\n<small>Moderator: Iva Ivan<\/small><\/p>\n"}]},{"column_title":"SATURDAY, 11.11.","schedule_row":[{"row_text":"<p>11 &#8211; 13 h<br \/>\nDOKUKINO KIC<br \/>\n<a href=\"https:\/\/zff.hr\/en\/industry\/whats-the-story-croatia\/\">TSFM: What&#8217;s the Story?<\/a><br \/>\n<small>Pitching forum<\/small><\/p>\n"},{"row_text":"<p>12:30 &#8211; 16:30 h<br \/>\nKINOTEKA<br \/>\n12:30 &#8211; 14:40<br \/>\nFilm screening<br \/>\n<strong><a href=\"https:\/\/zff.hr\/en\/movies\/the-worst-person-in-the-world\/\">The Worst Person in the World<\/a><\/strong><br \/>\n<small>Joachim Trier \/ 127&#8242;<\/small><\/p>\n<p>14:40 &#8211; 16:30<br \/>\n<strong><a href=\"https:\/\/zff.hr\/en\/industry\/close-up-renee-hansen-mlodyszewski\/\">CLOSE-UP: Ren\u00e9e Hansen Mlodyszewski<\/a><\/strong><br \/>\n<small>Moderator: Jelena Pa\u0161i\u0107<\/small><\/p>\n"}]}]}]},"_links":{"self":[{"href":"https:\/\/2023.zff.hr\/en\/wp-json\/wp\/v2\/pages\/17066"}],"collection":[{"href":"https:\/\/2023.zff.hr\/en\/wp-json\/wp\/v2\/pages"}],"about":[{"href":"https:\/\/2023.zff.hr\/en\/wp-json\/wp\/v2\/types\/page"}],"author":[{"embeddable":true,"href":"https:\/\/2023.zff.hr\/en\/wp-json\/wp\/v2\/users\/1"}],"replies":[{"embeddable":true,"href":"https:\/\/2023.zff.hr\/en\/wp-json\/wp\/v2\/comments?post=17066"}],"version-history":[{"count":2,"href":"https:\/\/2023.zff.hr\/en\/wp-json\/wp\/v2\/pages\/17066\/revisions"}],"predecessor-version":[{"id":38137,"href":"https:\/\/2023.zff.hr\/en\/wp-json\/wp\/v2\/pages\/17066\/revisions\/38137"}],"wp:featuredmedia":[{"embeddable":true,"href":"https:\/\/2023.zff.hr\/en\/wp-json\/wp\/v2\/media\/37110"}],"wp:attachment":[{"href":"https:\/\/2023.zff.hr\/en\/wp-json\/wp\/v2\/media?parent=17066"}],"curies":[{"name":"wp","href":"https:\/\/api.w.org\/{rel}","templated":true}]}}