{"id":12017,"date":"2017-10-26T14:58:46","date_gmt":"2017-10-26T14:58:46","guid":{"rendered":"http:\/\/zff.hr\/industry\/pitching-forum-industrije-mladost\/"},"modified":"2023-11-07T10:54:01","modified_gmt":"2023-11-07T09:54:01","slug":"industry-youth-pitching-forum","status":"publish","type":"page","link":"https:\/\/2023.zff.hr\/en\/industry\/industry-youth-pitching-forum\/","title":{"rendered":"Industry Youth! Pitching Forum"},"content":{"rendered":"","protected":false},"excerpt":{"rendered":"","protected":false},"author":3,"featured_media":26635,"parent":756,"menu_order":0,"comment_status":"closed","ping_status":"closed","template":"","meta":[],"acf":[],"aioseo_notices":[],"acf_fields":{"page_builder":true,"blocks":[{"acf_fc_layout":"header","id":"","image":26635,"video":false,"loop_video":false,"breadcrumbs":true,"lead":"<h1>Industry Youth! Pitching Forum<\/h1>\n","speed":"1"},{"acf_fc_layout":"section","id":"","title":"","subtitle":"","lead":"<p style=\"text-align: center;\"><strong>10\/11 | FRIDAY | 10:30 \u2013 12:3o\u00a0| DOKUKINO KIC<br \/>\nlanguage: English<br \/>\nopen to public<br \/>\n<\/strong><\/p>\n<p><span style=\"font-weight: 400;\">The Industry Youth! program will conclude with a pitching forum for student projects in which young screenwriters and directors will be given the opportunity to present their projects to an international panel, who will reward the best project with services of their two studios. The pitching participants will have seven minutes for the presentation and seven minutes for Q&amp;As.<\/span><\/p>\n<p><b>Panel members<br \/>\n<\/b><b>Goran Turkovi\u0107 <\/b>(Studio \u0160esni\u0107&amp;Turkovi\u0107),<b> \u010cedomir Kolar <\/b>(A.S.A.P. Films), <b>Tom Vujnovi\u0107 <\/b>(Poster)<\/p>\n<p><strong><b>Program partners granting awards:<br \/>\n\u0160esni\u0107&amp;Turkovi\u0107\u00a0<\/b><\/strong>\u2013\u00a0 creation of the film poster<br \/>\n<b>Eclectica <\/b><span style=\"font-weight: 400;\">\u2013 image post-production (color grading)<br \/>\n<\/span><strong>Poster<\/strong> \u2013 guidance, project development and three days of working in the studio on image post-production<strong><br \/>\n<\/strong><\/p>\n","custom_css_toggle":false,"custom_css":"","content":[{"acf_fc_layout":"grid","columns":[{"number":"Panel member","title":"Goran Turkovi\u0107","description":"<p><span style=\"font-weight: 400;\">Born in Zagreb, where he graduated in Design from the School of Design at the Faculty of Architecture. Together with Marko \u0160esni\u0107 he founded the \u0160esni\u0107&amp;Turkovi\u0107 Graphic Design Studio. He approaches each project with the same guiding mission \u2013 to find a quality solution that will lend it communicational strength, longevity and set it apart from the competition.<\/span><\/p>\n"},{"number":"Panel member","title":"\u010cedomir Kolar","description":"<p><span style=\"font-weight: 400;\">Since 1991, he has been a producer for Noe\u0301Productions in Paris. His credits include <\/span><i><span style=\"font-weight: 400;\">Before the Rain <\/span><\/i><span style=\"font-weight: 400;\">(1994) by Milcho Manchevski (Oscar nomination), <\/span><i><span style=\"font-weight: 400;\">No Man\u2019s Land <\/span><\/i><span style=\"font-weight: 400;\">(2001) by Danis Tanovi\u0107 (Oscar for Best Foreign Language Film), etc. In 2003 he started the Paris based production entity, a.s.a.p. Films, together with Danis Tanovi\u0107 and his fellow producer Marc Baschet. He has since produced many films, with <\/span><i><span style=\"font-weight: 400;\">Foxtrot <\/span><\/i><span style=\"font-weight: 400;\">(2017) by Samuel Maoz as one of the most recent ones (ZFF 2017).<\/span><\/p>\n"},{"number":"Panel member","title":"Tomislav Vujnovi\u0107","description":"<p><span style=\"font-weight: 400;\">He has worked on films <\/span><i><span style=\"font-weight: 400;\">The Eighth Commissioner <\/span><\/i><span style=\"font-weight: 400;\">(Golden Arena for Visual Effects), <\/span><i><span style=\"font-weight: 400;\">The Show Must Go On <\/span><\/i><span style=\"font-weight: 400;\">(Special Golden Arena for Visual Effects), <\/span><i><span style=\"font-weight: 400;\">Happy Child<\/span><\/i><span style=\"font-weight: 400;\">, <\/span><i><span style=\"font-weight: 400;\">What Is a Man Without a Moustache?<\/span><\/i><span style=\"font-weight: 400;\">, among others. He works on the digital restoration of films from the Croatian Film Archive and as a lecturer at the Academy of Dramatic Art in Zagreb teaching Introduction to VFX and Visual Effects.<\/span><\/p>\n"}]},{"acf_fc_layout":"grid","columns":[{"number":"Program partner granting awards","title":"\u0160esni\u0107&Turkovi\u0107","description":"<p><span style=\"font-weight: 400;\">Founded in 2006 and ever since active in the field of graphic design and visual communi\u00adcations. Their projects include visual identities, sign-making, exhibition design, fair stands, publications, advertisements and promotional materials and film design. In the last ten years, the company has created design solutions for over forty Croatian and foreign films and has become the leading expert in the field in Croatia.<\/span><\/p>\n"},{"number":"Program partner granting awards","title":"Poster","description":"<p><span style=\"font-weight: 400;\">Poster is a visual effects and animation company. The company was founded in Zagreb in early 2015 by experienced animators and producers. Poster does 3D and classical ani\u00admation and offers a complete post-production service for films and ads. The company cooperates with film productions and ad agencies, bringing their creative ideas to small and big screens.<\/span><\/p>\n"},{"number":"Program partner granting awards","title":"Eclectica","description":"<p><span style=\"font-weight: 400;\">Eclectica is a film &amp; TV production and post-production company from Zagreb, Croatia. Eclectica mostly produces challenging debut films by young directors, while also offering post-production services, primarily color grading, DCP mastering, and editing.<\/span><\/p>\n"}]}]},{"acf_fc_layout":"section","id":"","title":"","subtitle":"","lead":"<p><a href=\"https:\/\/zff.hr\/wp-content\/uploads\/2019\/10\/\u0161esni\u0107.jpg\"><img decoding=\"async\" loading=\"lazy\" class=\"alignnone wp-image-26624\" src=\"https:\/\/zff.hr\/wp-content\/uploads\/2019\/10\/\u0161esni\u0107.jpg\" alt=\"\" width=\"129\" height=\"48\" \/><\/a><a href=\"https:\/\/zff.hr\/wp-content\/uploads\/2019\/10\/Poster_logo_cb_page-0001.jpg\"><img decoding=\"async\" loading=\"lazy\" class=\"alignnone wp-image-26628\" src=\"https:\/\/zff.hr\/wp-content\/uploads\/2019\/10\/Poster_logo_cb_page-0001.jpg\" alt=\"\" width=\"89\" height=\"50\" srcset=\"https:\/\/2023.zff.hr\/wp-content\/uploads\/2019\/10\/Poster_logo_cb_page-0001.jpg 4000w, https:\/\/2023.zff.hr\/wp-content\/uploads\/2019\/10\/Poster_logo_cb_page-0001-300x169.jpg 300w, https:\/\/2023.zff.hr\/wp-content\/uploads\/2019\/10\/Poster_logo_cb_page-0001-768x432.jpg 768w, https:\/\/2023.zff.hr\/wp-content\/uploads\/2019\/10\/Poster_logo_cb_page-0001-1024x576.jpg 1024w, https:\/\/2023.zff.hr\/wp-content\/uploads\/2019\/10\/Poster_logo_cb_page-0001-1920x1080.jpg 1920w, https:\/\/2023.zff.hr\/wp-content\/uploads\/2019\/10\/Poster_logo_cb_page-0001-160x90.jpg 160w\" sizes=\"(max-width: 89px) 100vw, 89px\" \/><\/a> <a href=\"https:\/\/zff.hr\/wp-content\/uploads\/2023\/11\/Eclectica_logo.png\"><img decoding=\"async\" loading=\"lazy\" class=\"alignnone wp-image-39474\" src=\"https:\/\/zff.hr\/wp-content\/uploads\/2023\/11\/Eclectica_logo.png\" alt=\"\" width=\"151\" height=\"40\" srcset=\"https:\/\/2023.zff.hr\/wp-content\/uploads\/2023\/11\/Eclectica_logo.png 200w, https:\/\/2023.zff.hr\/wp-content\/uploads\/2023\/11\/Eclectica_logo-160x42.png 160w\" sizes=\"(max-width: 151px) 100vw, 151px\" \/><\/a><\/p>\n<p style=\"text-align: justify;\">\n","custom_css_toggle":false,"custom_css":"","content":false}]},"_links":{"self":[{"href":"https:\/\/2023.zff.hr\/en\/wp-json\/wp\/v2\/pages\/12017"}],"collection":[{"href":"https:\/\/2023.zff.hr\/en\/wp-json\/wp\/v2\/pages"}],"about":[{"href":"https:\/\/2023.zff.hr\/en\/wp-json\/wp\/v2\/types\/page"}],"author":[{"embeddable":true,"href":"https:\/\/2023.zff.hr\/en\/wp-json\/wp\/v2\/users\/3"}],"replies":[{"embeddable":true,"href":"https:\/\/2023.zff.hr\/en\/wp-json\/wp\/v2\/comments?post=12017"}],"version-history":[{"count":2,"href":"https:\/\/2023.zff.hr\/en\/wp-json\/wp\/v2\/pages\/12017\/revisions"}],"predecessor-version":[{"id":39477,"href":"https:\/\/2023.zff.hr\/en\/wp-json\/wp\/v2\/pages\/12017\/revisions\/39477"}],"up":[{"embeddable":true,"href":"https:\/\/2023.zff.hr\/en\/wp-json\/wp\/v2\/pages\/756"}],"wp:featuredmedia":[{"embeddable":true,"href":"https:\/\/2023.zff.hr\/en\/wp-json\/wp\/v2\/media\/26635"}],"wp:attachment":[{"href":"https:\/\/2023.zff.hr\/en\/wp-json\/wp\/v2\/media?parent=12017"}],"curies":[{"name":"wp","href":"https:\/\/api.w.org\/{rel}","templated":true}]}}